{"id":17,"date":"2026-04-24T19:41:21","date_gmt":"2026-04-24T19:41:21","guid":{"rendered":"https:\/\/glob-agile-consulting.com\/GLOBAGILE\/home\/"},"modified":"2026-04-24T21:09:17","modified_gmt":"2026-04-24T21:09:17","slug":"accueil","status":"publish","type":"page","link":"https:\/\/glob-agile-consulting.com\/GLOBAGILE\/","title":{"rendered":"Accueil"},"content":{"rendered":"\t\t<div data-elementor-type=\"wp-page\" data-elementor-id=\"17\" class=\"elementor elementor-17\">\n\t\t\t\t<div class=\"elementor-element elementor-element-513c7d8b e-flex e-con-boxed e-con e-parent\" data-id=\"513c7d8b\" data-element_type=\"container\" data-e-type=\"container\" data-settings=\"{&quot;background_background&quot;:&quot;classic&quot;}\">\n\t\t\t\t\t<div class=\"e-con-inner\">\n\t\t\t\t<div class=\"elementor-element elementor-element-5a0b86dc elementor-widget elementor-widget-heading\" data-id=\"5a0b86dc\" data-element_type=\"widget\" data-e-type=\"widget\" data-widget_type=\"heading.default\">\n\t\t\t\t\t<h1 class=\"elementor-heading-title elementor-size-default\">Votre partenaire en Cybers\u00e9curit\u00e9, GRC &amp; Audit<\/h1>\t\t\t\t<\/div>\n\t\t\t\t<div class=\"elementor-element elementor-element-77ca9872 elementor-widget__width-initial elementor-widget elementor-widget-text-editor\" data-id=\"77ca9872\" data-element_type=\"widget\" data-e-type=\"widget\" data-widget_type=\"text-editor.default\">\n\t\t\t\t\t\t\t\t\t<p>Prot\u00e9gez vos donn\u00e9es, ma\u00eetrisez vos risques, assurez votre conformit\u00e9.<\/p>\t\t\t\t\t\t\t\t<\/div>\n\t\t\t\t<div class=\"elementor-element elementor-element-4a1532f9 elementor-align-center elementor-widget elementor-widget-button\" data-id=\"4a1532f9\" data-element_type=\"widget\" data-e-type=\"widget\" data-widget_type=\"button.default\">\n\t\t\t\t\t\t\t\t\t\t<a class=\"elementor-button elementor-button-link elementor-size-sm\" href=\"https:\/\/glob-agile-consulting.com\/GLOBAGILE\/contact\/\">\n\t\t\t\t\t\t<span class=\"elementor-button-content-wrapper\">\n\t\t\t\t\t\t\t\t\t<span class=\"elementor-button-text\">Contactez-nous <\/span>\n\t\t\t\t\t<\/span>\n\t\t\t\t\t<\/a>\n\t\t\t\t\t\t\t\t<\/div>\n\t\t\t\t\t<\/div>\n\t\t\t\t<\/div>\n\t\t<div class=\"elementor-element elementor-element-59c792a8 e-flex e-con-boxed e-con e-parent\" data-id=\"59c792a8\" data-element_type=\"container\" data-e-type=\"container\">\n\t\t\t\t\t<div class=\"e-con-inner\">\n\t\t\t\t<div class=\"elementor-element elementor-element-2a49b4a6 elementor-widget elementor-widget-heading\" data-id=\"2a49b4a6\" data-element_type=\"widget\" data-e-type=\"widget\" data-widget_type=\"heading.default\">\n\t\t\t\t\t<h2 class=\"elementor-heading-title elementor-size-default\">Nos Domaines d'Expertise<\/h2>\t\t\t\t<\/div>\n\t\t<div class=\"elementor-element elementor-element-3d8f26bc e-con-full e-flex e-con e-child\" data-id=\"3d8f26bc\" data-element_type=\"container\" data-e-type=\"container\">\n\t\t<div class=\"elementor-element elementor-element-3b8ba935 e-con-full e-flex e-con e-child\" data-id=\"3b8ba935\" data-element_type=\"container\" data-e-type=\"container\">\n\t\t\t\t<div class=\"elementor-element elementor-element-658a832d elementor-widget elementor-widget-image\" data-id=\"658a832d\" data-element_type=\"widget\" data-e-type=\"widget\" data-widget_type=\"image.default\">\n\t\t\t\t\t\t\t\t\t\t\t\t\t\t\t<img fetchpriority=\"high\" decoding=\"async\" width=\"1024\" height=\"1131\" src=\"https:\/\/glob-agile-consulting.com\/GLOBAGILE\/wp-content\/uploads\/2026\/04\/Site2.png\" class=\"attachment-full size-full wp-image-47\" alt=\"\" srcset=\"https:\/\/glob-agile-consulting.com\/GLOBAGILE\/wp-content\/uploads\/2026\/04\/Site2.png 1024w, https:\/\/glob-agile-consulting.com\/GLOBAGILE\/wp-content\/uploads\/2026\/04\/Site2-272x300.png 272w, https:\/\/glob-agile-consulting.com\/GLOBAGILE\/wp-content\/uploads\/2026\/04\/Site2-927x1024.png 927w, https:\/\/glob-agile-consulting.com\/GLOBAGILE\/wp-content\/uploads\/2026\/04\/Site2-768x848.png 768w\" sizes=\"(max-width: 1024px) 100vw, 1024px\" \/>\t\t\t\t\t\t\t\t\t\t\t\t\t\t\t<\/div>\n\t\t\t\t<div class=\"elementor-element elementor-element-2e2797ed elementor-widget elementor-widget-heading\" data-id=\"2e2797ed\" data-element_type=\"widget\" data-e-type=\"widget\" data-widget_type=\"heading.default\">\n\t\t\t\t\t<h5 class=\"elementor-heading-title elementor-size-default\">Audits de S\u00e9curit\u00e9<\/h5>\t\t\t\t<\/div>\n\t\t\t\t<div class=\"elementor-element elementor-element-26a344a9 elementor-widget elementor-widget-text-editor\" data-id=\"26a344a9\" data-element_type=\"widget\" data-e-type=\"widget\" data-widget_type=\"text-editor.default\">\n\t\t\t\t\t\t\t\t\t<p>R\u00e9v\u00e9lez l\u2019invisible avant qu\u2019il ne devienne une menace.<br \/>Gr\u00e2ce \u00e0 un audit complet et cibl\u00e9, nous d\u00e9tectons les failles critiques, \u00e9valuons votre niveau de protection et vous livrons un plan d\u2019action clair pour renforcer votre s\u00e9curit\u00e9.<br \/>Un diagnostic puissant, con\u00e7u pour prot\u00e9ger votre entreprise l\u00e0 o\u00f9 elle est la plus vuln\u00e9rable.<\/p>\t\t\t\t\t\t\t\t<\/div>\n\t\t\t\t<\/div>\n\t\t<div class=\"elementor-element elementor-element-4f416efa e-con-full e-flex e-con e-child\" data-id=\"4f416efa\" data-element_type=\"container\" data-e-type=\"container\">\n\t\t\t\t<div class=\"elementor-element elementor-element-6ee9fe22 elementor-widget elementor-widget-image\" data-id=\"6ee9fe22\" data-element_type=\"widget\" data-e-type=\"widget\" data-widget_type=\"image.default\">\n\t\t\t\t\t\t\t\t\t\t\t\t\t\t\t<img decoding=\"async\" width=\"1024\" height=\"1096\" src=\"https:\/\/glob-agile-consulting.com\/GLOBAGILE\/wp-content\/uploads\/2026\/04\/Site4.png\" class=\"attachment-full size-full wp-image-49\" alt=\"\" srcset=\"https:\/\/glob-agile-consulting.com\/GLOBAGILE\/wp-content\/uploads\/2026\/04\/Site4.png 1024w, https:\/\/glob-agile-consulting.com\/GLOBAGILE\/wp-content\/uploads\/2026\/04\/Site4-280x300.png 280w, https:\/\/glob-agile-consulting.com\/GLOBAGILE\/wp-content\/uploads\/2026\/04\/Site4-957x1024.png 957w, https:\/\/glob-agile-consulting.com\/GLOBAGILE\/wp-content\/uploads\/2026\/04\/Site4-768x822.png 768w\" sizes=\"(max-width: 1024px) 100vw, 1024px\" \/>\t\t\t\t\t\t\t\t\t\t\t\t\t\t\t<\/div>\n\t\t\t\t<div class=\"elementor-element elementor-element-60c3309b elementor-widget elementor-widget-heading\" data-id=\"60c3309b\" data-element_type=\"widget\" data-e-type=\"widget\" data-widget_type=\"heading.default\">\n\t\t\t\t\t<h5 class=\"elementor-heading-title elementor-size-default\">Gestion des Risques<\/h5>\t\t\t\t<\/div>\n\t\t\t\t<div class=\"elementor-element elementor-element-3877d1f0 elementor-widget elementor-widget-text-editor\" data-id=\"3877d1f0\" data-element_type=\"widget\" data-e-type=\"widget\" data-widget_type=\"text-editor.default\">\n\t\t\t\t\t\t\t\t\t<p>Nous vous aidons \u00e0 identifier, analyser et prioriser les risques qui menacent votre organisation. Gr\u00e2ce \u00e0 une approche structur\u00e9e et bas\u00e9e sur les meilleures pratiques <b>GRC<\/b>, nous \u00e9valuons votre exposition, mesurons l\u2019impact potentiel et d\u00e9finissons des mesures efficaces pour r\u00e9duire les risques et renforcer votre r\u00e9silience.<\/p>\t\t\t\t\t\t\t\t<\/div>\n\t\t\t\t<div class=\"elementor-element elementor-element-9015f0b elementor-align-center elementor-widget__width-initial elementor-widget elementor-widget-button\" data-id=\"9015f0b\" data-element_type=\"widget\" data-e-type=\"widget\" data-widget_type=\"button.default\">\n\t\t\t\t\t\t\t\t\t\t<a class=\"elementor-button elementor-button-link elementor-size-sm\" href=\"\/Services\">\n\t\t\t\t\t\t<span class=\"elementor-button-content-wrapper\">\n\t\t\t\t\t\t\t\t\t<span class=\"elementor-button-text\">D\u00e9couvrir <\/span>\n\t\t\t\t\t<\/span>\n\t\t\t\t\t<\/a>\n\t\t\t\t\t\t\t\t<\/div>\n\t\t\t\t<\/div>\n\t\t<div class=\"elementor-element elementor-element-6e82e982 e-con-full e-flex e-con e-child\" data-id=\"6e82e982\" data-element_type=\"container\" data-e-type=\"container\">\n\t\t\t\t<div class=\"elementor-element elementor-element-6d5b33e1 elementor-widget elementor-widget-image\" data-id=\"6d5b33e1\" data-element_type=\"widget\" data-e-type=\"widget\" data-widget_type=\"image.default\">\n\t\t\t\t\t\t\t\t\t\t\t\t\t\t\t<img decoding=\"async\" width=\"1024\" height=\"988\" src=\"https:\/\/glob-agile-consulting.com\/GLOBAGILE\/wp-content\/uploads\/2026\/04\/Site3.png\" class=\"attachment-full size-full wp-image-48\" alt=\"\" srcset=\"https:\/\/glob-agile-consulting.com\/GLOBAGILE\/wp-content\/uploads\/2026\/04\/Site3.png 1024w, https:\/\/glob-agile-consulting.com\/GLOBAGILE\/wp-content\/uploads\/2026\/04\/Site3-300x289.png 300w, https:\/\/glob-agile-consulting.com\/GLOBAGILE\/wp-content\/uploads\/2026\/04\/Site3-768x741.png 768w\" sizes=\"(max-width: 1024px) 100vw, 1024px\" \/>\t\t\t\t\t\t\t\t\t\t\t\t\t\t\t<\/div>\n\t\t\t\t<div class=\"elementor-element elementor-element-76c24357 elementor-widget elementor-widget-heading\" data-id=\"76c24357\" data-element_type=\"widget\" data-e-type=\"widget\" data-widget_type=\"heading.default\">\n\t\t\t\t\t<h5 class=\"elementor-heading-title elementor-size-default\">Gouvernance et Conformit\u00e9\n<\/h5>\t\t\t\t<\/div>\n\t\t\t\t<div class=\"elementor-element elementor-element-3e9a69ca elementor-widget elementor-widget-text-editor\" data-id=\"3e9a69ca\" data-element_type=\"widget\" data-e-type=\"widget\" data-widget_type=\"text-editor.default\">\n\t\t\t\t\t\t\t\t\t<p>Assurez une organisation fiable, transparente et conforme.<br>Nous vous accompagnons dans la mise en place de politiques et de contr\u00f4les align\u00e9s sur les normes cl\u00e9s <b>(ISO\u202f27001, RGPD, NIS2)<\/b>, afin de renforcer votre cr\u00e9dibilit\u00e9, r\u00e9duire vos risques et garantir une conformit\u00e9 durable.<\/p>\t\t\t\t\t\t\t\t<\/div>\n\t\t\t\t<\/div>\n\t\t\t\t<\/div>\n\t\t\t\t\t<\/div>\n\t\t\t\t<\/div>\n\t\t<div class=\"elementor-element elementor-element-609b3522 e-flex e-con-boxed e-con e-parent\" data-id=\"609b3522\" data-element_type=\"container\" data-e-type=\"container\" data-settings=\"{&quot;background_background&quot;:&quot;classic&quot;}\">\n\t\t\t\t\t<div class=\"e-con-inner\">\n\t\t<div class=\"elementor-element elementor-element-53dc8f6e e-con-full e-flex e-con e-child\" data-id=\"53dc8f6e\" data-element_type=\"container\" data-e-type=\"container\">\n\t\t\t\t<div class=\"elementor-element elementor-element-d200994 elementor-widget elementor-widget-heading\" data-id=\"d200994\" data-element_type=\"widget\" data-e-type=\"widget\" data-widget_type=\"heading.default\">\n\t\t\t\t\t<h2 class=\"elementor-heading-title elementor-size-default\">\u00c0 Propos<\/h2>\t\t\t\t<\/div>\n\t\t\t\t<div class=\"elementor-element elementor-element-136d5823 elementor-widget elementor-widget-text-editor\" data-id=\"136d5823\" data-element_type=\"widget\" data-e-type=\"widget\" data-widget_type=\"text-editor.default\">\n\t\t\t\t\t\t\t\t\t<p style=\"margin: 0in; font-size: 11.0pt;\"><span style=\"font-family: Calibri;\">Chez <\/span><span style=\"font-weight: bold; font-family: Calibri;\">Glob Agile Consulting<\/span><span style=\"font-family: Calibri;\">, nous pla\u00e7ons l\u2019exigence, la pr\u00e9cision et la confiance au centre de chaque mission. Nous accompagnons les organisations qui souhaitent aller au<\/span><span style=\"font-family: 'Cambria Math';\">\u2011<\/span><span style=\"font-family: Calibri;\">del\u00e0 de la simple conformit\u00e9 pour atteindre un v\u00e9ritable <\/span><span style=\"font-family: Calibri;\">niveau d\u2019excellence en cybers\u00e9curit\u00e9, gouvernance et gestion des risques<\/span><span style=\"font-family: Calibri;\">.<\/span><\/p>\t\t\t\t\t\t\t\t<\/div>\n\t\t\t\t<div class=\"elementor-element elementor-element-27902a4b elementor-align-center elementor-widget elementor-widget-button\" data-id=\"27902a4b\" data-element_type=\"widget\" data-e-type=\"widget\" data-widget_type=\"button.default\">\n\t\t\t\t\t\t\t\t\t\t<a class=\"elementor-button elementor-button-link elementor-size-sm\" href=\"https:\/\/glob-agile-consulting.com\/GLOBAGILE\/a-propos\/\">\n\t\t\t\t\t\t<span class=\"elementor-button-content-wrapper\">\n\t\t\t\t\t\t\t\t\t<span class=\"elementor-button-text\">En savoir plus <\/span>\n\t\t\t\t\t<\/span>\n\t\t\t\t\t<\/a>\n\t\t\t\t\t\t\t\t<\/div>\n\t\t\t\t<\/div>\n\t\t<div class=\"elementor-element elementor-element-10c2481c e-con-full e-flex e-con e-child\" data-id=\"10c2481c\" data-element_type=\"container\" data-e-type=\"container\">\n\t\t\t\t<div class=\"elementor-element elementor-element-269a0c56 elementor-widget elementor-widget-image\" data-id=\"269a0c56\" data-element_type=\"widget\" data-e-type=\"widget\" data-widget_type=\"image.default\">\n\t\t\t\t\t\t\t\t\t\t\t\t\t\t\t<img loading=\"lazy\" decoding=\"async\" width=\"600\" height=\"400\" src=\"https:\/\/glob-agile-consulting.com\/GLOBAGILE\/wp-content\/uploads\/2026\/04\/Site-5.webp\" class=\"attachment-full size-full wp-image-51\" alt=\"\" srcset=\"https:\/\/glob-agile-consulting.com\/GLOBAGILE\/wp-content\/uploads\/2026\/04\/Site-5.webp 600w, https:\/\/glob-agile-consulting.com\/GLOBAGILE\/wp-content\/uploads\/2026\/04\/Site-5-300x200.webp 300w\" sizes=\"(max-width: 600px) 100vw, 600px\" \/>\t\t\t\t\t\t\t\t\t\t\t\t\t\t\t<\/div>\n\t\t\t\t<\/div>\n\t\t\t\t\t<\/div>\n\t\t\t\t<\/div>\n\t\t<div class=\"elementor-element elementor-element-ea5c79c e-flex e-con-boxed e-con e-parent\" data-id=\"ea5c79c\" data-element_type=\"container\" data-e-type=\"container\" data-settings=\"{&quot;background_background&quot;:&quot;classic&quot;}\">\n\t\t\t\t\t<div class=\"e-con-inner\">\n\t\t\t\t<div class=\"elementor-element elementor-element-47fcf356 elementor-widget__width-initial elementor-widget elementor-widget-heading\" data-id=\"47fcf356\" data-element_type=\"widget\" data-e-type=\"widget\" data-widget_type=\"heading.default\">\n\t\t\t\t\t<h2 class=\"elementor-heading-title elementor-size-default\">Pr\u00eat \u00e0 travailler  ensemble? C'est parti!<\/h2>\t\t\t\t<\/div>\n\t\t\t\t<div class=\"elementor-element elementor-element-183fb996 elementor-widget elementor-widget-button\" data-id=\"183fb996\" data-element_type=\"widget\" data-e-type=\"widget\" data-widget_type=\"button.default\">\n\t\t\t\t\t\t\t\t\t\t<a class=\"elementor-button elementor-button-link elementor-size-sm\" href=\"https:\/\/glob-agile-consulting.com\/GLOBAGILE\/contact\/\">\n\t\t\t\t\t\t<span class=\"elementor-button-content-wrapper\">\n\t\t\t\t\t\t\t\t\t<span class=\"elementor-button-text\">Contactez-nous<\/span>\n\t\t\t\t\t<\/span>\n\t\t\t\t\t<\/a>\n\t\t\t\t\t\t\t\t<\/div>\n\t\t\t\t\t<\/div>\n\t\t\t\t<\/div>\n\t\t\t\t<\/div>\n\t\t","protected":false},"excerpt":{"rendered":"<p>Votre partenaire en Cybers\u00e9curit\u00e9, GRC &amp; Audit Prot\u00e9gez vos donn\u00e9es, ma\u00eetrisez vos risques, assurez votre conformit\u00e9. Contactez-nous Nos Domaines d&rsquo;Expertise [&hellip;]<\/p>\n","protected":false},"author":1,"featured_media":0,"parent":0,"menu_order":0,"comment_status":"closed","ping_status":"closed","template":"","meta":{"site-sidebar-layout":"no-sidebar","site-content-layout":"","ast-site-content-layout":"full-width-container","site-content-style":"default","site-sidebar-style":"default","ast-global-header-display":"","ast-banner-title-visibility":"","ast-main-header-display":"","ast-hfb-above-header-display":"","ast-hfb-below-header-display":"","ast-hfb-mobile-header-display":"","site-post-title":"disabled","ast-breadcrumbs-content":"","ast-featured-img":"disabled","footer-sml-layout":"","ast-disable-related-posts":"","theme-transparent-header-meta":"","adv-header-id-meta":"","stick-header-meta":"","header-above-stick-meta":"","header-main-stick-meta":"","header-below-stick-meta":"","astra-migrate-meta-layouts":"default","ast-page-background-enabled":"default","ast-page-background-meta":{"desktop":{"background-color":"var(--ast-global-color-4)","background-image":"","background-repeat":"repeat","background-position":"center center","background-size":"auto","background-attachment":"scroll","background-type":"","background-media":"","overlay-type":"","overlay-color":"","overlay-opacity":"","overlay-gradient":""},"tablet":{"background-color":"","background-image":"","background-repeat":"repeat","background-position":"center center","background-size":"auto","background-attachment":"scroll","background-type":"","background-media":"","overlay-type":"","overlay-color":"","overlay-opacity":"","overlay-gradient":""},"mobile":{"background-color":"","background-image":"","background-repeat":"repeat","background-position":"center center","background-size":"auto","background-attachment":"scroll","background-type":"","background-media":"","overlay-type":"","overlay-color":"","overlay-opacity":"","overlay-gradient":""}},"ast-content-background-meta":{"desktop":{"background-color":"var(--ast-global-color-5)","background-image":"","background-repeat":"repeat","background-position":"center center","background-size":"auto","background-attachment":"scroll","background-type":"","background-media":"","overlay-type":"","overlay-color":"","overlay-opacity":"","overlay-gradient":""},"tablet":{"background-color":"var(--ast-global-color-5)","background-image":"","background-repeat":"repeat","background-position":"center center","background-size":"auto","background-attachment":"scroll","background-type":"","background-media":"","overlay-type":"","overlay-color":"","overlay-opacity":"","overlay-gradient":""},"mobile":{"background-color":"var(--ast-global-color-5)","background-image":"","background-repeat":"repeat","background-position":"center center","background-size":"auto","background-attachment":"scroll","background-type":"","background-media":"","overlay-type":"","overlay-color":"","overlay-opacity":"","overlay-gradient":""}},"footnotes":""},"class_list":["post-17","page","type-page","status-publish","hentry"],"_links":{"self":[{"href":"https:\/\/glob-agile-consulting.com\/GLOBAGILE\/wp-json\/wp\/v2\/pages\/17","targetHints":{"allow":["GET"]}}],"collection":[{"href":"https:\/\/glob-agile-consulting.com\/GLOBAGILE\/wp-json\/wp\/v2\/pages"}],"about":[{"href":"https:\/\/glob-agile-consulting.com\/GLOBAGILE\/wp-json\/wp\/v2\/types\/page"}],"author":[{"embeddable":true,"href":"https:\/\/glob-agile-consulting.com\/GLOBAGILE\/wp-json\/wp\/v2\/users\/1"}],"replies":[{"embeddable":true,"href":"https:\/\/glob-agile-consulting.com\/GLOBAGILE\/wp-json\/wp\/v2\/comments?post=17"}],"version-history":[{"count":4,"href":"https:\/\/glob-agile-consulting.com\/GLOBAGILE\/wp-json\/wp\/v2\/pages\/17\/revisions"}],"predecessor-version":[{"id":58,"href":"https:\/\/glob-agile-consulting.com\/GLOBAGILE\/wp-json\/wp\/v2\/pages\/17\/revisions\/58"}],"wp:attachment":[{"href":"https:\/\/glob-agile-consulting.com\/GLOBAGILE\/wp-json\/wp\/v2\/media?parent=17"}],"curies":[{"name":"wp","href":"https:\/\/api.w.org\/{rel}","templated":true}]}}